{"id":2101,"date":"2025-03-24T10:52:01","date_gmt":"2025-03-24T09:52:01","guid":{"rendered":"https:\/\/www.julieehme.com\/adn-de-la-maison\/"},"modified":"2025-12-08T20:50:50","modified_gmt":"2025-12-08T19:50:50","slug":"adn-de-la-maison","status":"publish","type":"page","link":"https:\/\/www.julieehme.com\/fr\/adn-de-la-maison\/","title":{"rendered":"ADN de la Maison"},"content":{"rendered":"\n\n\t<section class=\"section dark\" id=\"section_389754970\">\n\t\t<div class=\"section-bg fill\" >\n\t\t\t<img loading=\"lazy\" decoding=\"async\" width=\"3493\" height=\"1898\" src=\"https:\/\/www.julieehme.com\/wp-content\/uploads\/2025\/02\/Fond-Julie-Ehme-coming-soon-3-copie-1.png\" class=\"bg attachment-original size-original\" alt=\"\" \/>\t\t\t\t\t\t<div class=\"section-bg-overlay absolute fill\"><\/div>\n\t\t\t\n\n\t\t<\/div>\n\n\t\t\n\n\t\t<div class=\"section-content relative\">\n\t\t\t\n\n<div class=\"row\" style=\"max-width:1300px\" id=\"row-2034106521\">\n\n\n\t<div id=\"col-407824697\" class=\"col small-12 large-12\"  >\n\t\t\t\t<div class=\"col-inner text-center\"  >\n\t\t\t\n\t<div class=\"is-border\"\n\t\tstyle=\"border-width:0px 0px 0px 0px;margin:0px 0px 0px 0px;\">\n\t<\/div>\n\t\t\t\n\n\t<div id=\"gap-336322091\" class=\"gap-element clearfix\" style=\"display:block; height:auto;\">\n\t\t\n<style>\n#gap-336322091 {\n  padding-top: 70px;\n}\n@media (min-width:550px) {\n  #gap-336322091 {\n    padding-top: 50px;\n  }\n}\n@media (min-width:850px) {\n  #gap-336322091 {\n    padding-top: 300px;\n  }\n}\n<\/style>\n\t<\/div>\n\t\n\n\t<div id=\"text-2257445718\" class=\"text\">\n\t\t\n\n<h1><strong>ADN de la Maison<\/strong><\/h1>\n\t\t\n<style>\n#text-2257445718 {\n  font-size: 2.5rem;\n}\n@media (min-width:550px) {\n  #text-2257445718 {\n    font-size: 4rem;\n  }\n}\n<\/style>\n\t<\/div>\n\t\n\n\t\t<\/div>\n\t\t\t\t\n<style>\n#col-407824697 > .col-inner {\n  padding: 100px 0px 0px 0px;\n  margin: 0px 0px 0px 0px;\n}\n@media (min-width:550px) {\n  #col-407824697 > .col-inner {\n    padding: 0px 0px 0px 50px;\n  }\n}\n@media (min-width:850px) {\n  #col-407824697 > .col-inner {\n    padding: 0 0px 0px 0px;\n    margin: 0px 0px 0px 0px;\n  }\n}\n<\/style>\n\t<\/div>\n\n\t\n\n<\/div>\n\n\t\t<\/div>\n\n\t\t\n<style>\n#section_389754970 {\n  padding-top: 20px;\n  padding-bottom: 20px;\n  min-height: 400px;\n}\n#section_389754970 .section-bg-overlay {\n  background-color: rgba(0, 0, 0, 0.1);\n}\n@media (min-width:550px) {\n  #section_389754970 {\n    min-height: 600px;\n  }\n}\n@media (min-width:850px) {\n  #section_389754970 {\n    min-height: 500px;\n  }\n  #section_389754970 .section-bg-overlay {\n    background-color: rgba(0, 0, 0, 0.05);\n  }\n}\n<\/style>\n\t<\/section>\n\t\n\n\t<section class=\"section\" id=\"section_1050626423\">\n\t\t<div class=\"section-bg fill\" >\n\t\t\t\t\t\t\t\t\t\n\t\t\t\n\n\t\t<\/div>\n\n\t\t\n\n\t\t<div class=\"section-content relative\">\n\t\t\t\n\n<div class=\"row row-collapse row-full-width align-right\"  id=\"row-910118838\">\n\n\n\t<div id=\"col-610909502\" class=\"col medium-12 small-12 large-6\"  >\n\t\t\t\t<div class=\"col-inner\"  >\n\t\t\t\n\t\t\t\n\n\n  <div class=\"banner has-hover bg-zoom\" id=\"banner-421865125\">\n          <div class=\"banner-inner fill\">\n        <div class=\"banner-bg fill\" >\n            <img loading=\"lazy\" decoding=\"async\" width=\"1037\" height=\"1565\" src=\"https:\/\/www.julieehme.com\/wp-content\/uploads\/2025\/10\/image00018-compressed.jpg\" class=\"bg attachment-original size-original\" alt=\"\" \/>                                    \n                    <\/div>\n\t\t\n        <div class=\"banner-layers container\">\n            <div class=\"fill banner-link\"><\/div>            \n\n   <div id=\"text-box-962952367\" class=\"text-box banner-layer x50 md-x50 lg-x50 y50 md-y50 lg-y50 res-text\">\n                                <div class=\"text-box-content text dark\">\n              \n              <div class=\"text-inner text-center\">\n                  \n\n\n              <\/div>\n           <\/div>\n                            \n<style>\n#text-box-962952367 {\n  width: 60%;\n}\n#text-box-962952367 .text-box-content {\n  font-size: 100%;\n}\n@media (min-width:550px) {\n  #text-box-962952367 {\n    width: 60%;\n  }\n}\n<\/style>\n    <\/div>\n \n\n        <\/div>\n      <\/div>\n\n            \n<style>\n#banner-421865125 {\n  padding-top: 100%;\n  background-color: rgba(255, 255, 255, 0);\n}\n#banner-421865125 .banner-bg img {\n  object-position: 75% 55%;\n}\n@media (min-width:550px) {\n  #banner-421865125 {\n    padding-top: 99.99%;\n  }\n}\n@media (min-width:850px) {\n  #banner-421865125 {\n    padding-top: 90%;\n  }\n}\n<\/style>\n  <\/div>\n\n\n\n\t\t<\/div>\n\t\t\t\t\t<\/div>\n\n\t\n\n<\/div>\n<div class=\"row row-collapse row-full-width\"  id=\"row-415669937\">\n\n\n\t<div id=\"col-529151312\" class=\"col medium-11 small-11 large-6\"  >\n\t\t\t\t<div class=\"col-inner text-left\" style=\"background-color:rgb(0, 0, 0);\" >\n\t\t\t\n\t\t\t\n\n\t<div id=\"text-442917879\" class=\"text aos-flip-up\">\n\t\t\n\n<h1>Audace<\/h1>\n<p><span style=\"font-size: 90%;\">JULIE EHME est une ode \u00e0 la femme moderne : ind\u00e9pendante, charismatique, ambitieuse, mais aussi sensible, sensuelle et authentique. Toujours en mouvement, la femme JULIE EHME se d\u00e9finit par ses actions et ses choix, privil\u00e9giant toujours l&rsquo;excitation d&rsquo;une aventure inexplor\u00e9e au confort d&rsquo;un chemin pr\u00e9\u00e9tabli. \u00c0 travers ses cr\u00e9ations, ses collaborations et ses muses, JULIE EHME c\u00e9l\u00e8bre les femmes qui osent, les femmes qui agissent et les femmes qui sont ma\u00eetresses de leur propre destin.  <\/span><\/p>\n\t\t\n<style>\n#text-442917879 {\n  text-align: center;\n  color: rgb(255, 255, 255);\n}\n#text-442917879 > * {\n  color: rgb(255, 255, 255);\n}\n<\/style>\n\t<\/div>\n\t\n\n\t\t<\/div>\n\t\t\t\t\n<style>\n#col-529151312 > .col-inner {\n  padding: 8% 5% 5% 5%;\n  margin: -200px 0px 0px 15px;\n}\n@media (min-width:550px) {\n  #col-529151312 > .col-inner {\n    padding: 8% 5% 5% 5%;\n    margin: -100px 0px 0px 40px;\n  }\n}\n@media (min-width:850px) {\n  #col-529151312 > .col-inner {\n    padding: 6% 10% 6px 10%;\n    margin: -500px 0px 0px 100px;\n  }\n}\n<\/style>\n\t<\/div>\n\n\t\n\n<\/div>\n\n\t\t<\/div>\n\n\t\t\n<style>\n#section_1050626423 {\n  padding-top: 30px;\n  padding-bottom: 30px;\n  min-height: 0px;\n}\n@media (min-width:850px) {\n  #section_1050626423 {\n    padding-top: 0px;\n    padding-bottom: 0px;\n  }\n}\n<\/style>\n\t<\/section>\n\t\n\n\t<section class=\"section\" id=\"section_1557540736\">\n\t\t<div class=\"section-bg fill\" >\n\t\t\t\t\t\t\t\t\t\n\t\t\t\n\n\t\t<\/div>\n\n\t\t\n\n\t\t<div class=\"section-content relative\">\n\t\t\t\n\n<div class=\"row row-collapse row-full-width align-middle align-center\"  id=\"row-223268036\">\n\n\n\t<div id=\"col-822107935\" class=\"col medium-12 small-12 large-6 medium-col-first\"  >\n\t\t\t\t<div class=\"col-inner\"  >\n\t\t\t\n\t\t\t\n\n\n  <div class=\"banner has-hover\" id=\"banner-1651430816\">\n          <div class=\"banner-inner fill\">\n        <div class=\"banner-bg fill\" >\n            <img loading=\"lazy\" decoding=\"async\" width=\"720\" height=\"900\" src=\"https:\/\/www.julieehme.com\/wp-content\/uploads\/2025\/03\/Eye-animation.gif\" class=\"bg attachment-original size-original\" alt=\"\" \/>                                    \n\t<div class=\"is-border\"\n\t\tstyle=\"border-width:0px 0px 0px 0px;\">\n\t<\/div>\n                    <\/div>\n\t\t\n        <div class=\"banner-layers container\">\n            <div class=\"fill banner-link\"><\/div>            \n\n   <div id=\"text-box-1607493954\" class=\"text-box banner-layer x50 md-x50 lg-x50 y50 md-y50 lg-y50 res-text\">\n                                <div class=\"text-box-content text dark\">\n              \n              <div class=\"text-inner text-center\">\n                  \n\n\n              <\/div>\n           <\/div>\n                            \n<style>\n#text-box-1607493954 {\n  width: 60%;\n}\n#text-box-1607493954 .text-box-content {\n  font-size: 100%;\n}\n@media (min-width:550px) {\n  #text-box-1607493954 {\n    width: 60%;\n  }\n}\n<\/style>\n    <\/div>\n \n\n        <\/div>\n      <\/div>\n\n            \n<style>\n#banner-1651430816 {\n  padding-top: 100%;\n  background-color: rgba(255, 255, 255, 0);\n}\n#banner-1651430816 .banner-bg img {\n  object-position: 53% 0%;\n}\n@media (min-width:550px) {\n  #banner-1651430816 {\n    padding-top: 99.99%;\n  }\n}\n@media (min-width:850px) {\n  #banner-1651430816 {\n    padding-top: 99.99%;\n  }\n}\n<\/style>\n  <\/div>\n\n\n\n\t\t<\/div>\n\t\t\t\t\t<\/div>\n\n\t\n\n\t<div id=\"col-1423533811\" class=\"col index-up medium-12 small-11 large-6\"  >\n\t\t\t\t<div class=\"col-inner\"  >\n\t\t\t\n\t\t\t\n\n\t<div id=\"gap-454569682\" class=\"gap-element clearfix\" style=\"display:block; height:auto;\">\n\t\t\n<style>\n#gap-454569682 {\n  padding-top: 30px;\n}\n<\/style>\n\t<\/div>\n\t\n\n<div class=\"row align-center\"  id=\"row-1999877206\">\n\n\n\t<div id=\"col-1832827146\" class=\"col index-up medium-11 small-12 large-12\"  >\n\t\t\t\t<div class=\"col-inner text-center\" style=\"background-color:rgb(0,0,0);\" >\n\t\t\t\n\t\t\t\n\n\t<div id=\"text-2283926589\" class=\"text aos-flip-up\">\n\t\t\n\n<h1><strong>Art et Histoires<\/strong><\/h1>\n<div><span style=\"font-size: 90%;\"><span lang=\"EN-US\"><span lang=\"EN-US\"><span lang=\"EN-US\">La mode n&rsquo;est pas seulement un art, mais aussi une fa\u00e7on d&rsquo;exprimer des sentiments et des pens\u00e9es. L&rsquo;art concerne g\u00e9n\u00e9ralement soit la beaut\u00e9, soit le sens ; chez JULIE EHME, nous essayons toujours d&rsquo;atteindre les deux. Chacune de nos collections raconte une nouvelle histoire et sert de pr\u00e9texte pour nous interroger sur nous-m\u00eames et notre relation au monde. <\/span><\/span><\/span>Dans un monde qui va de plus en plus vite, nous visons \u00e0 cr\u00e9er un moment suspendu o\u00f9 la mode rencontre l&rsquo;art, la po\u00e9sie et le r\u00eave.<\/span><\/div>\n\t\t\n<style>\n#text-2283926589 {\n  color: rgb(255, 255, 255);\n}\n#text-2283926589 > * {\n  color: rgb(255, 255, 255);\n}\n<\/style>\n\t<\/div>\n\t\n\n\t\t<\/div>\n\t\t\t\t\n<style>\n#col-1832827146 > .col-inner {\n  padding: 7% 10% 7% 10%;\n  margin: -150px 0px 0px 0px;\n}\n@media (min-width:550px) {\n  #col-1832827146 > .col-inner {\n    margin: -150px 0px 0px 0px;\n  }\n}\n@media (min-width:850px) {\n  #col-1832827146 > .col-inner {\n    margin: 0px 0px 0px -100px;\n  }\n}\n<\/style>\n\t<\/div>\n\n\t\n\n<\/div>\n\n\t\t<\/div>\n\t\t\t\t\n<style>\n#col-1423533811 > .col-inner {\n  padding: 10px 0px 0px 0px;\n}\n@media (min-width:550px) {\n  #col-1423533811 > .col-inner {\n    padding: 35px 0px 30px 0px;\n  }\n}\n@media (min-width:850px) {\n  #col-1423533811 > .col-inner {\n    padding: 0 0px 0px 0px;\n  }\n}\n<\/style>\n\t<\/div>\n\n\t\n\n<\/div>\n\n\t\t<\/div>\n\n\t\t\n<style>\n#section_1557540736 {\n  padding-top: 0px;\n  padding-bottom: 0px;\n  margin-bottom: 0px;\n}\n@media (min-width:550px) {\n  #section_1557540736 {\n    padding-top: 0px;\n    padding-bottom: 0px;\n  }\n}\n<\/style>\n\t<\/section>\n\t\n\n\t<section class=\"section\" id=\"section_1739162196\">\n\t\t<div class=\"section-bg fill\" >\n\t\t\t\t\t\t\t\t\t\n\t\t\t\n\n\t\t<\/div>\n\n\t\t\n\n\t\t<div class=\"section-content relative\">\n\t\t\t\n\n<div class=\"row row-collapse row-full-width align-right\"  id=\"row-370386276\">\n\n\n\t<div id=\"col-820772554\" class=\"col medium-12 small-12 large-6\"  >\n\t\t\t\t<div class=\"col-inner\"  >\n\t\t\t\n\t\t\t\n\n\n  <div class=\"banner has-hover bg-zoom\" id=\"banner-1482155404\">\n          <div class=\"banner-inner fill\">\n        <div class=\"banner-bg fill\" >\n            <img loading=\"lazy\" decoding=\"async\" width=\"1100\" height=\"1100\" src=\"https:\/\/www.julieehme.com\/wp-content\/uploads\/2024\/07\/T24V07151_Black_01.jpg.webp\" class=\"bg attachment-original size-original\" alt=\"\" \/>                                    \n                    <\/div>\n\t\t\n        <div class=\"banner-layers container\">\n            <div class=\"fill banner-link\"><\/div>            \n\n   <div id=\"text-box-698526374\" class=\"text-box banner-layer x50 md-x50 lg-x50 y50 md-y50 lg-y50 res-text\">\n                                <div class=\"text-box-content text dark\">\n              \n              <div class=\"text-inner text-center\">\n                  \n\n\n              <\/div>\n           <\/div>\n                            \n<style>\n#text-box-698526374 {\n  width: 60%;\n}\n#text-box-698526374 .text-box-content {\n  font-size: 100%;\n}\n@media (min-width:550px) {\n  #text-box-698526374 {\n    width: 60%;\n  }\n}\n<\/style>\n    <\/div>\n \n\n        <\/div>\n      <\/div>\n\n            \n<style>\n#banner-1482155404 {\n  padding-top: 100%;\n  background-color: rgba(255, 255, 255, 0);\n}\n#banner-1482155404 .banner-bg img {\n  object-position: 75% 55%;\n}\n@media (min-width:550px) {\n  #banner-1482155404 {\n    padding-top: 99.99%;\n  }\n}\n@media (min-width:850px) {\n  #banner-1482155404 {\n    padding-top: 90%;\n  }\n}\n<\/style>\n  <\/div>\n\n\n\n\t\t<\/div>\n\t\t\t\t\t<\/div>\n\n\t\n\n<\/div>\n<div class=\"row row-collapse row-full-width\"  id=\"row-1809605792\">\n\n\n\t<div id=\"col-1617440788\" class=\"col medium-11 small-11 large-6\"  >\n\t\t\t\t<div class=\"col-inner text-left\" style=\"background-color:rgb(0, 0, 0);\" >\n\t\t\t\n\t\t\t\n\n\t<div id=\"text-2392909367\" class=\"text aos-flip-up\">\n\t\t\n\n<h1>Qualit\u00e9 et Fabrication fran\u00e7aise<\/h1>\n<p><span style=\"font-size: 90%;\">La qualit\u00e9 de nos v\u00eatements et accessoires est notre priorit\u00e9 absolue. Nos tissus sont soigneusement s\u00e9lectionn\u00e9s pour leur durabilit\u00e9, leur confort et leur design. La plupart de nos v\u00eatements sont fabriqu\u00e9s dans un atelier familial sp\u00e9cialis\u00e9 dans la mode de luxe et bas\u00e9 \u00e0 Paris, et nos bijoux sont r\u00e9alis\u00e9s par un fabricant de bijoux bas\u00e9 \u00e0 Saint-Agr\u00e8ve (sud de la France).  <\/span><\/p>\n\t\t\n<style>\n#text-2392909367 {\n  text-align: center;\n  color: rgb(255, 255, 255);\n}\n#text-2392909367 > * {\n  color: rgb(255, 255, 255);\n}\n<\/style>\n\t<\/div>\n\t\n\n\t\t<\/div>\n\t\t\t\t\n<style>\n#col-1617440788 > .col-inner {\n  padding: 8% 5% 5% 5%;\n  margin: -200px 0px 0px 15px;\n}\n@media (min-width:550px) {\n  #col-1617440788 > .col-inner {\n    padding: 8% 5% 5% 5%;\n    margin: -100px 0px 0px 40px;\n  }\n}\n@media (min-width:850px) {\n  #col-1617440788 > .col-inner {\n    padding: 6% 10% 6px 10%;\n    margin: -500px 0px 0px 100px;\n  }\n}\n<\/style>\n\t<\/div>\n\n\t\n\n<\/div>\n\n\t\t<\/div>\n\n\t\t\n<style>\n#section_1739162196 {\n  padding-top: 30px;\n  padding-bottom: 30px;\n  min-height: 0px;\n}\n@media (min-width:850px) {\n  #section_1739162196 {\n    padding-top: 0px;\n    padding-bottom: 0px;\n  }\n}\n<\/style>\n\t<\/section>\n\t\n\n\t<section class=\"section\" id=\"section_1000620821\">\n\t\t<div class=\"section-bg fill\" >\n\t\t\t\t\t\t\t\t\t\n\t\t\t\n\n\t\t<\/div>\n\n\t\t\n\n\t\t<div class=\"section-content relative\">\n\t\t\t\n\n<div class=\"row row-collapse row-full-width align-middle align-center\"  id=\"row-1886031123\">\n\n\n\t<div id=\"col-655793788\" class=\"col medium-12 small-12 large-6 medium-col-first\"  >\n\t\t\t\t<div class=\"col-inner\"  >\n\t\t\t\n\t\t\t\n\n\n  <div class=\"banner has-hover bg-zoom\" id=\"banner-2032814676\">\n          <div class=\"banner-inner fill\">\n        <div class=\"banner-bg fill\" >\n            <img loading=\"lazy\" decoding=\"async\" width=\"1126\" height=\"1210\" src=\"https:\/\/www.julieehme.com\/wp-content\/uploads\/2025\/01\/IMG_0840-transformed.jpeg\" class=\"bg attachment-original size-original\" alt=\"\" \/>                                    \n\t<div class=\"is-border\"\n\t\tstyle=\"border-width:0px 0px 0px 0px;\">\n\t<\/div>\n                    <\/div>\n\t\t\n        <div class=\"banner-layers container\">\n            <div class=\"fill banner-link\"><\/div>            \n\n   <div id=\"text-box-2001649446\" class=\"text-box banner-layer x50 md-x50 lg-x50 y50 md-y50 lg-y50 res-text\">\n                                <div class=\"text-box-content text dark\">\n              \n              <div class=\"text-inner text-center\">\n                  \n\n\n              <\/div>\n           <\/div>\n                            \n<style>\n#text-box-2001649446 {\n  width: 60%;\n}\n#text-box-2001649446 .text-box-content {\n  font-size: 100%;\n}\n@media (min-width:550px) {\n  #text-box-2001649446 {\n    width: 60%;\n  }\n}\n<\/style>\n    <\/div>\n \n\n        <\/div>\n      <\/div>\n\n            \n<style>\n#banner-2032814676 {\n  padding-top: 100%;\n  background-color: rgba(255, 255, 255, 0);\n}\n#banner-2032814676 .banner-bg img {\n  object-position: 45% 100%;\n}\n@media (min-width:550px) {\n  #banner-2032814676 {\n    padding-top: 99.99%;\n  }\n}\n@media (min-width:850px) {\n  #banner-2032814676 {\n    padding-top: 99.99%;\n  }\n}\n<\/style>\n  <\/div>\n\n\n\n\t\t<\/div>\n\t\t\t\t\t<\/div>\n\n\t\n\n\t<div id=\"col-1849442314\" class=\"col index-up medium-12 small-11 large-6\"  >\n\t\t\t\t<div class=\"col-inner\"  >\n\t\t\t\n\t\t\t\n\n\t<div id=\"gap-1494399185\" class=\"gap-element clearfix\" style=\"display:block; height:auto;\">\n\t\t\n<style>\n#gap-1494399185 {\n  padding-top: 30px;\n}\n<\/style>\n\t<\/div>\n\t\n\n<div class=\"row align-center\"  id=\"row-1316886877\">\n\n\n\t<div id=\"col-1420741140\" class=\"col index-up medium-11 small-12 large-12\"  >\n\t\t\t\t<div class=\"col-inner text-center\" style=\"background-color:rgb(0,0,0);\" >\n\t\t\t\n\t\t\t\n\n\t<div id=\"text-3036893119\" class=\"text aos-flip-up\">\n\t\t\n\n<h1><strong>Durabilit\u00e9<\/strong><\/h1>\n<div><span lang=\"EN-US\" style=\"font-size: 90%;\"><span lang=\"EN-US\"><span lang=\"EN-US\">L&rsquo;industrie de la mode est l&rsquo;un des secteurs \u00e9conomiques les plus polluants, et l&rsquo;essor de la fast fashion nous montre chaque jour qu&rsquo;il reste encore un long chemin \u00e0 parcourir vers une mode respectueuse de l&rsquo;environnement. Face \u00e0 cette situation, nous avons d\u00e9cid\u00e9 d&rsquo;agir : <\/span><\/span><\/span><\/div>\n<div> <\/div>\n<ul>\n<li style=\"text-align: left;\"><span style=\"font-size: 90%;\">tous nos tissus proviennent de stocks dormants et\/ou sont fabriqu\u00e9s \u00e0 partir de mat\u00e9riaux naturels ou recycl\u00e9s ;<\/span><\/li>\n<li style=\"text-align: left;\"><span style=\"font-size: 90%;\">un maximum de 2 collections par an, \u00e0 contre-courant de la tendance de la fast fashion ;<\/span><\/li>\n<li style=\"text-align: left;\"><span style=\"font-size: 90%;\">beaucoup de nos v\u00eatements sont modulables (par exemple, manches amovibles) pour s&rsquo;adapter \u00e0 la saison et \u00e0 l&rsquo;occasion ;<\/span><\/li>\n<li style=\"text-align: left;\"><span style=\"font-size: 90%;\">un processus de qualit\u00e9 exigeant pour garantir une longue dur\u00e9e de vie ;<\/span><\/li>\n<li style=\"text-align: left;\"><span style=\"font-size: 90%;\">tous nos produits sont fabriqu\u00e9s en France (la plupart \u00e0 Paris), r\u00e9duisant ainsi les \u00e9missions de carbone li\u00e9es au transport.<\/span><\/li>\n<\/ul>\n\t\t\n<style>\n#text-3036893119 {\n  color: rgb(255, 255, 255);\n}\n#text-3036893119 > * {\n  color: rgb(255, 255, 255);\n}\n<\/style>\n\t<\/div>\n\t\n\n\t\t<\/div>\n\t\t\t\t\n<style>\n#col-1420741140 > .col-inner {\n  padding: 5% 8% 5% 8%;\n  margin: -150px 0px 0px 0px;\n}\n@media (min-width:550px) {\n  #col-1420741140 > .col-inner {\n    margin: -150px 0px 0px 0px;\n  }\n}\n@media (min-width:850px) {\n  #col-1420741140 > .col-inner {\n    margin: 0px 0px 0px -100px;\n  }\n}\n<\/style>\n\t<\/div>\n\n\t\n\n<\/div>\n\n\t\t<\/div>\n\t\t\t\t\n<style>\n#col-1849442314 > .col-inner {\n  padding: 10px 0px 0px 0px;\n}\n@media (min-width:550px) {\n  #col-1849442314 > .col-inner {\n    padding: 35px 0px 30px 0px;\n  }\n}\n@media (min-width:850px) {\n  #col-1849442314 > .col-inner {\n    padding: 0 0px 0px 0px;\n  }\n}\n<\/style>\n\t<\/div>\n\n\t\n\n<\/div>\n\n\t\t<\/div>\n\n\t\t\n<style>\n#section_1000620821 {\n  padding-top: 0px;\n  padding-bottom: 0px;\n  margin-bottom: 0px;\n}\n@media (min-width:550px) {\n  #section_1000620821 {\n    padding-top: 0px;\n    padding-bottom: 0px;\n  }\n}\n<\/style>\n\t<\/section>\n\t\n\n\t<section class=\"section\" id=\"section_16221143\">\n\t\t<div class=\"section-bg fill\" >\n\t\t\t\t\t\t\t\t\t\n\t\t\t\n\n\t\t<\/div>\n\n\t\t\n\n\t\t<div class=\"section-content relative\">\n\t\t\t\n\n<div class=\"row row-collapse row-full-width align-right\"  id=\"row-1101022266\">\n\n\n\t<div id=\"col-511665693\" class=\"col medium-12 small-12 large-6\"  >\n\t\t\t\t<div class=\"col-inner\"  >\n\t\t\t\n\t\t\t\n\n\n  <div class=\"banner has-hover bg-zoom\" id=\"banner-1269387808\">\n          <div class=\"banner-inner fill\">\n        <div class=\"banner-bg fill\" >\n            <img loading=\"lazy\" decoding=\"async\" width=\"2100\" height=\"2100\" src=\"https:\/\/www.julieehme.com\/wp-content\/uploads\/2025\/03\/EHME-tag-image.jpg\" class=\"bg attachment-original size-original\" alt=\"\" \/>                                    \n                    <\/div>\n\t\t\n        <div class=\"banner-layers container\">\n            <div class=\"fill banner-link\"><\/div>            \n\n   <div id=\"text-box-1890379473\" class=\"text-box banner-layer x50 md-x50 lg-x50 y50 md-y50 lg-y50 res-text\">\n                                <div class=\"text-box-content text dark\">\n              \n              <div class=\"text-inner text-center\">\n                  \n\n\n              <\/div>\n           <\/div>\n                            \n<style>\n#text-box-1890379473 {\n  width: 60%;\n}\n#text-box-1890379473 .text-box-content {\n  font-size: 100%;\n}\n@media (min-width:550px) {\n  #text-box-1890379473 {\n    width: 60%;\n  }\n}\n<\/style>\n    <\/div>\n \n\n        <\/div>\n      <\/div>\n\n            \n<style>\n#banner-1269387808 {\n  padding-top: 100%;\n  background-color: rgba(255, 255, 255, 0);\n}\n#banner-1269387808 .banner-bg img {\n  object-position: 26% 43%;\n}\n@media (min-width:550px) {\n  #banner-1269387808 {\n    padding-top: 99.99%;\n  }\n}\n@media (min-width:850px) {\n  #banner-1269387808 {\n    padding-top: 99%;\n  }\n}\n<\/style>\n  <\/div>\n\n\n\n\t\t<\/div>\n\t\t\t\t\t<\/div>\n\n\t\n\n<\/div>\n<div class=\"row row-collapse row-full-width\"  id=\"row-1588508013\">\n\n\n\t<div id=\"col-1726601300\" class=\"col medium-11 small-11 large-6\"  >\n\t\t\t\t<div class=\"col-inner text-left\" style=\"background-color:rgb(0, 0, 0);\" >\n\t\t\t\n\t\t\t\n\n\t<div id=\"text-1165971276\" class=\"text aos-flip-up\">\n\t\t\n\n<h1><strong>Innovation<\/strong><\/h1>\n<p><span style=\"font-size: 90%;\">L&rsquo;innovation est au c\u0153ur de JULIE EHME. Tous les v\u00eatements incluent une \u00e9tiquette officielle EHME qui peut \u00eatre scann\u00e9e avec un smartphone. L&rsquo;\u00e9tiquette EHME vous donne acc\u00e8s \u00e0 un portail contenant une multitude d&rsquo;informations sur le produit scann\u00e9 (histoire de la collection, images et vid\u00e9o du d\u00e9fil\u00e9, tissus, instructions d&rsquo;entretien, etc.). Et de nombreuses autres fonctionnalit\u00e9s sont \u00e0 venir, alors restez \u00e0 l&rsquo;\u00e9coute !   <\/span><\/p>\n<p><span style=\"font-size: 90%;\">L&rsquo;\u00e9tiquette EHME utilise la technologie NFC et est compatible avec la plupart des t\u00e9l\u00e9phones Android et iPhone (iPhone 7 ou sup\u00e9rieur). Il suffit de tapoter l&rsquo;\u00e9tiquette de votre v\u00eatement (g\u00e9n\u00e9ralement situ\u00e9e au niveau du cou ou de la taille) avec le haut de votre smartphone et laissez la magie op\u00e9rer ! <\/span><\/p>\n\t\t\n<style>\n#text-1165971276 {\n  text-align: center;\n  color: rgb(255, 255, 255);\n}\n#text-1165971276 > * {\n  color: rgb(255, 255, 255);\n}\n<\/style>\n\t<\/div>\n\t\n\n\t\t<\/div>\n\t\t\t\t\n<style>\n#col-1726601300 > .col-inner {\n  padding: 8% 5% 5% 5%;\n  margin: -100px 0px 0px 15px;\n}\n@media (min-width:550px) {\n  #col-1726601300 > .col-inner {\n    padding: 8% 5% 5% 5%;\n    margin: -100px 0px 0px 40px;\n  }\n}\n@media (min-width:850px) {\n  #col-1726601300 > .col-inner {\n    padding: 5% 8% 5% 8%;\n    margin: -600px 0px 0px 100px;\n  }\n}\n<\/style>\n\t<\/div>\n\n\t\n\n<\/div>\n\n\t\t<\/div>\n\n\t\t\n<style>\n#section_16221143 {\n  padding-top: 30px;\n  padding-bottom: 30px;\n  min-height: 0px;\n}\n@media (min-width:850px) {\n  #section_16221143 {\n    padding-top: 0px;\n    padding-bottom: 0px;\n  }\n}\n<\/style>\n\t<\/section>\n\t\n\n\n","protected":false},"excerpt":{"rendered":"","protected":false},"author":1,"featured_media":0,"parent":0,"menu_order":0,"comment_status":"closed","ping_status":"closed","template":"page-transparent-header-light.php","meta":{"_monsterinsights_skip_tracking":false,"_monsterinsights_sitenote_active":false,"_monsterinsights_sitenote_note":"","_monsterinsights_sitenote_category":0,"footnotes":""},"class_list":["post-2101","page","type-page","status-publish","hentry"],"aioseo_notices":[],"_links":{"self":[{"href":"https:\/\/www.julieehme.com\/fr\/wp-json\/wp\/v2\/pages\/2101","targetHints":{"allow":["GET"]}}],"collection":[{"href":"https:\/\/www.julieehme.com\/fr\/wp-json\/wp\/v2\/pages"}],"about":[{"href":"https:\/\/www.julieehme.com\/fr\/wp-json\/wp\/v2\/types\/page"}],"author":[{"embeddable":true,"href":"https:\/\/www.julieehme.com\/fr\/wp-json\/wp\/v2\/users\/1"}],"replies":[{"embeddable":true,"href":"https:\/\/www.julieehme.com\/fr\/wp-json\/wp\/v2\/comments?post=2101"}],"version-history":[{"count":6,"href":"https:\/\/www.julieehme.com\/fr\/wp-json\/wp\/v2\/pages\/2101\/revisions"}],"predecessor-version":[{"id":2415,"href":"https:\/\/www.julieehme.com\/fr\/wp-json\/wp\/v2\/pages\/2101\/revisions\/2415"}],"wp:attachment":[{"href":"https:\/\/www.julieehme.com\/fr\/wp-json\/wp\/v2\/media?parent=2101"}],"curies":[{"name":"wp","href":"https:\/\/api.w.org\/{rel}","templated":true}]}}