{"id":2069,"date":"2025-02-09T11:59:26","date_gmt":"2025-02-09T10:59:26","guid":{"rendered":"https:\/\/www.julieehme.com\/histoire-de-la-maison\/"},"modified":"2025-12-07T12:17:20","modified_gmt":"2025-12-07T11:17:20","slug":"histoire-de-la-maison","status":"publish","type":"page","link":"https:\/\/www.julieehme.com\/fr\/histoire-de-la-maison\/","title":{"rendered":"Histoire de la Maison"},"content":{"rendered":"\n\n\t<section class=\"section dark\" id=\"section_1815311444\">\n\t\t<div class=\"section-bg fill\" >\n\t\t\t<img loading=\"lazy\" decoding=\"async\" width=\"3493\" height=\"1898\" src=\"https:\/\/www.julieehme.com\/wp-content\/uploads\/2025\/02\/Fond-Julie-Ehme-coming-soon-3-copie-1.png\" class=\"bg attachment-original size-original\" alt=\"\" \/>\t\t\t\t\t\t<div class=\"section-bg-overlay absolute fill\"><\/div>\n\t\t\t\n\n\t\t<\/div>\n\n\t\t\n\n\t\t<div class=\"section-content relative\">\n\t\t\t\n\n<div class=\"row\" style=\"max-width:1300px\" id=\"row-453312672\">\n\n\n\t<div id=\"col-1691904454\" class=\"col small-12 large-12\"  >\n\t\t\t\t<div class=\"col-inner text-center\"  >\n\t\t\t\n\t<div class=\"is-border\"\n\t\tstyle=\"border-width:0px 0px 0px 0px;margin:0px 0px 0px 0px;\">\n\t<\/div>\n\t\t\t\n\n\t<div id=\"gap-1976377620\" class=\"gap-element clearfix\" style=\"display:block; height:auto;\">\n\t\t\n<style>\n#gap-1976377620 {\n  padding-top: 70px;\n}\n@media (min-width:550px) {\n  #gap-1976377620 {\n    padding-top: 50px;\n  }\n}\n@media (min-width:850px) {\n  #gap-1976377620 {\n    padding-top: 300px;\n  }\n}\n<\/style>\n\t<\/div>\n\t\n\n\t<div id=\"text-3225350387\" class=\"text\">\n\t\t\n\n<h1><strong>Histoire de la Maison<\/strong><\/h1>\n\t\t\n<style>\n#text-3225350387 {\n  font-size: 2.5rem;\n}\n@media (min-width:550px) {\n  #text-3225350387 {\n    font-size: 4rem;\n  }\n}\n<\/style>\n\t<\/div>\n\t\n\n\t\t<\/div>\n\t\t\t\t\n<style>\n#col-1691904454 > .col-inner {\n  padding: 100px 0px 0px 0px;\n  margin: 0px 0px 0px 0px;\n}\n@media (min-width:550px) {\n  #col-1691904454 > .col-inner {\n    padding: 0px 0px 0px 50px;\n  }\n}\n@media (min-width:850px) {\n  #col-1691904454 > .col-inner {\n    padding: 0 0px 0px 0px;\n    margin: 0px 0px 0px 0px;\n  }\n}\n<\/style>\n\t<\/div>\n\n\t\n\n<\/div>\n\n\t\t<\/div>\n\n\t\t\n<style>\n#section_1815311444 {\n  padding-top: 20px;\n  padding-bottom: 20px;\n  min-height: 400px;\n}\n#section_1815311444 .section-bg-overlay {\n  background-color: rgba(0, 0, 0, 0.1);\n}\n@media (min-width:550px) {\n  #section_1815311444 {\n    min-height: 600px;\n  }\n}\n@media (min-width:850px) {\n  #section_1815311444 {\n    min-height: 500px;\n  }\n  #section_1815311444 .section-bg-overlay {\n    background-color: rgba(0, 0, 0, 0.05);\n  }\n}\n<\/style>\n\t<\/section>\n\t\n<div class=\"video video-fit mb hide-for-medium\" style=\"padding-top:56.25%;\"><iframe loading=\"lazy\" title=\"Portrait de Julie Mouly--Pommerol et Arnaud B\u00e9n\u00e9zeth, co-fondateurs de la maison JULIE EHME\" width=\"1020\" height=\"574\" src=\"https:\/\/www.youtube.com\/embed\/Dwj7Td944lU?feature=oembed\" frameborder=\"0\" allow=\"accelerometer; autoplay; clipboard-write; encrypted-media; gyroscope; picture-in-picture; web-share\" referrerpolicy=\"strict-origin-when-cross-origin\" allowfullscreen><\/iframe><\/div>\n\n\t<div id=\"text-1515717520\" class=\"text show-for-medium\">\n\t\t\n\n\n<div class=\"wp-block-presto-player-reusable-edit\"><!--presto-player:video_id=2--><figure class=\"wp-block-video presto-block-video  presto-provider-youtube\" style=\"--plyr-color-main: var(--presto-player-highlight-color, #000000); --presto-player-logo-width: 150px; \">\n\t<presto-player \n\t\tpreset='{&quot;id&quot;:1,&quot;name&quot;:&quot;Default&quot;,&quot;slug&quot;:&quot;default&quot;,&quot;icon&quot;:&quot;format-video&quot;,&quot;skin&quot;:&quot;modern&quot;,&quot;play-large&quot;:true,&quot;rewind&quot;:true,&quot;play&quot;:true,&quot;fast-forward&quot;:true,&quot;progress&quot;:true,&quot;current-time&quot;:true,&quot;mute&quot;:true,&quot;volume&quot;:true,&quot;speed&quot;:false,&quot;pip&quot;:false,&quot;fullscreen&quot;:true,&quot;captions&quot;:false,&quot;reset_on_end&quot;:true,&quot;auto_hide&quot;:true,&quot;show_time_elapsed&quot;:false,&quot;captions_enabled&quot;:false,&quot;save_player_position&quot;:true,&quot;sticky_scroll&quot;:false,&quot;sticky_scroll_position&quot;:&quot;bottom right&quot;,&quot;on_video_end&quot;:&quot;select&quot;,&quot;play_video_viewport&quot;:false,&quot;hide_youtube&quot;:false,&quot;lazy_load_youtube&quot;:false,&quot;hide_logo&quot;:false,&quot;border_radius&quot;:0,&quot;caption_style&quot;:&quot;&quot;,&quot;caption_background&quot;:&quot;&quot;,&quot;is_locked&quot;:true,&quot;cta&quot;:[&quot;&quot;],&quot;watermark&quot;:[&quot;&quot;],&quot;search&quot;:[&quot;&quot;],&quot;email_collection&quot;:[&quot;&quot;],&quot;action_bar&quot;:[&quot;&quot;],&quot;created_by&quot;:1,&quot;created_at&quot;:&quot;2025-01-26 10:03:23&quot;,&quot;updated_at&quot;:&quot;2025-01-26 10:03:23&quot;,&quot;deleted_at&quot;:&quot;&quot;}'\n\t\tbranding='{&quot;logo&quot;:&quot;&quot;,&quot;color&quot;:&quot;#000000&quot;,&quot;logo_width&quot;:150,&quot;player_css&quot;:&quot;&quot;}'\n\t\tchapters='[]'\n\t\toverlays='[]'\n\t\ttracks='[]'\n\t\tblock-attributes='{&quot;playsInline&quot;:true,&quot;id&quot;:2,&quot;src&quot;:&quot;https:\\\/\\\/youtu.be\\\/Dwj7Td944lU&quot;,&quot;preset&quot;:1,&quot;video_id&quot;:&quot;Dwj7Td944lU&quot;,&quot;visibility&quot;:&quot;public&quot;,&quot;color&quot;:&quot;#00b3ff&quot;,&quot;mutedPreview&quot;:{&quot;enabled&quot;:false,&quot;captions&quot;:false},&quot;mutedOverlay&quot;:{&quot;enabled&quot;:false,&quot;src&quot;:&quot;&quot;,&quot;width&quot;:200,&quot;focalPoint&quot;:{&quot;x&quot;:0.5,&quot;y&quot;:0.5}},&quot;mutedOverlayType&quot;:&quot;text&quot;,&quot;mutedOverlayText&quot;:&quot;Click to play&quot;,&quot;mutedOverlayImageWidth&quot;:200,&quot;chapters&quot;:[],&quot;overlays&quot;:[],&quot;tracks&quot;:[],&quot;openPopupId&quot;:&quot;&quot;,&quot;title&quot;:&quot;Portrait de Julie Mouly--Pommerol et Arnaud B\\u00e9n\\u00e9zeth, co-fondateurs de la maison JULIE EHME&quot;}'\n\t\tanalytics=''\n\t\tautomations\t\tprovider='youtube'\n\t\t\t\tid=\"presto-player-1\"\n\t\tsrc=\"\/\/www.youtube.com\/embed\/Dwj7Td944lU?iv_load_policy=3&amp;modestbranding=1&amp;playinline=1&amp;showinfo=0&amp;rel=0&amp;enablejsapi=1\"\n\t\tmedia-title=\"Portrait de Julie Mouly--Pommerol et Arnaud B\u00e9n\u00e9zeth, co-fondateurs de la maison JULIE EHME\"\n\t\tcss=\"\"\n\t\tclass=\"presto-video-id-2 presto-preset-id-1 skin-modern\"\n\t\tskin=\"modern\" \n\t\ticon-url=\"https:\/\/www.julieehme.com\/wp-content\/plugins\/presto-player\/img\/sprite.svg\" \n\t\tpreload=\"\" \n\t\tposter=\"\"\n\t\tyoutube=\"{&quot;noCookie&quot;:false,&quot;channelId&quot;:&quot;&quot;,&quot;show_count&quot;:false}\"\n\t\tprovider-video-id=\"Dwj7Td944lU\"\n\t\tvideo-id=\"2\"\n\t\t\t\tvideo-attributes='{}'\n\t\tplaysinline\t\t\t\t>\n\t\t\n    <div class=\"presto-iframe-fallback-container\">\n        <iframe style=\"width: 100%\" title=\"Youtube Video\" class=\"presto-fallback-iframe\" id=\"presto-iframe-fallback-1\" data-src=\"https:\/\/www.youtube.com\/embed\/Dwj7Td944lU?iv_load_policy=3&amp;modestbranding=1&amp;playsinline=1&amp;showinfo=0&amp;rel=0&amp;enablejsapi=1\" allowfullscreen allowtransparency allow=\"autoplay\"><\/iframe>\n    <\/div>\n\n\t<\/presto-player>\n<\/figure><\/div>\n\n\t\t\t<\/div>\n\t\n\n\t<section class=\"section\" id=\"section_386649593\">\n\t\t<div class=\"section-bg fill\" >\n\t\t\t\t\t\t\t\t\t\n\t\t\t\n\n\t\t<\/div>\n\n\t\t\n\n\t\t<div class=\"section-content relative\">\n\t\t\t\n\n<div class=\"row row-collapse row-full-width align-middle align-center\"  id=\"row-211322864\">\n\n\n\t<div id=\"col-1097082765\" class=\"col medium-12 small-12 large-6 medium-col-first\"  >\n\t\t\t\t<div class=\"col-inner\"  >\n\t\t\t\n\t\t\t\n\n\n  <div class=\"banner has-hover\" id=\"banner-1744675211\">\n          <div class=\"banner-inner fill\">\n        <div class=\"banner-bg fill\" >\n            <img loading=\"lazy\" decoding=\"async\" width=\"1935\" height=\"2560\" src=\"https:\/\/www.julieehme.com\/wp-content\/uploads\/2025\/02\/PHOTO-DE-MA-FACE-DE-FACE--scaled.jpg\" class=\"bg attachment-original size-original\" alt=\"\" \/>                                    \n\t<div class=\"is-border\"\n\t\tstyle=\"border-width:0px 0px 0px 0px;\">\n\t<\/div>\n                    <\/div>\n\t\t\n        <div class=\"banner-layers container\">\n            <div class=\"fill banner-link\"><\/div>            \n\n   <div id=\"text-box-436519570\" class=\"text-box banner-layer x50 md-x50 lg-x50 y50 md-y50 lg-y50 res-text\">\n                                <div class=\"text-box-content text dark\">\n              \n              <div class=\"text-inner text-center\">\n                  \n\n\n              <\/div>\n           <\/div>\n                            \n<style>\n#text-box-436519570 {\n  width: 60%;\n}\n#text-box-436519570 .text-box-content {\n  font-size: 100%;\n}\n@media (min-width:550px) {\n  #text-box-436519570 {\n    width: 60%;\n  }\n}\n<\/style>\n    <\/div>\n \n\n        <\/div>\n      <\/div>\n\n            \n<style>\n#banner-1744675211 {\n  padding-top: 100%;\n  background-color: rgba(255, 255, 255, 0);\n}\n#banner-1744675211 .banner-bg img {\n  object-position: 53% 0%;\n}\n@media (min-width:550px) {\n  #banner-1744675211 {\n    padding-top: 99.99%;\n  }\n}\n@media (min-width:850px) {\n  #banner-1744675211 {\n    padding-top: 99.99%;\n  }\n}\n<\/style>\n  <\/div>\n\n\n\n\t\t<\/div>\n\t\t\t\t\t<\/div>\n\n\t\n\n\t<div id=\"col-1105103011\" class=\"col index-up medium-12 small-11 large-6\"  >\n\t\t\t\t<div class=\"col-inner\"  >\n\t\t\t\n\t\t\t\n\n\t<div id=\"gap-1534534125\" class=\"gap-element clearfix\" style=\"display:block; height:auto;\">\n\t\t\n<style>\n#gap-1534534125 {\n  padding-top: 30px;\n}\n<\/style>\n\t<\/div>\n\t\n\n<div class=\"row align-center\"  id=\"row-343320485\">\n\n\n\t<div id=\"col-854035164\" class=\"col index-up medium-11 small-12 large-12\"  >\n\t\t\t\t<div class=\"col-inner text-center\" style=\"background-color:rgb(0,0,0);\" >\n\t\t\t\n\t\t\t\n\n\t<div id=\"text-3226359871\" class=\"text aos-flip-up\">\n\t\t\n\n<h2>Julie Mouly&#8211;Pommerol<\/h2>\n<p><em><strong>Directrice artistique<\/strong><\/em><\/p>\n<div><span lang=\"EN-US\"><span lang=\"EN-US\">Julie Mouly&#8211;Pommerol a grandi \u00e0 Clermont-Ferrand (France), o\u00f9 elle a progressivement d\u00e9velopp\u00e9 sa cr\u00e9ativit\u00e9, influenc\u00e9e par la passion de son p\u00e8re pour la mode et la photographie.<\/span><\/span>\n<div>Apr\u00e8s avoir \u00e9tudi\u00e9 le design de mode \u00e0 l&rsquo;Institut Fran\u00e7ais de la Mode \u00e0 Paris et travaill\u00e9 pendant plusieurs ann\u00e9es dans de grandes maisons de couture, elle a \u00e9t\u00e9 s\u00e9lectionn\u00e9e comme finaliste du Festival International de Mode de Hy\u00e8res en octobre 2024, o\u00f9 elle a eu l&rsquo;occasion de pr\u00e9senter sa premi\u00e8re collection : <br \/>\u00ab M\u00e9tamorphose \u00bb.<\/div>\n<\/div>\n\t\t\n<style>\n#text-3226359871 {\n  color: rgb(255, 255, 255);\n}\n#text-3226359871 > * {\n  color: rgb(255, 255, 255);\n}\n<\/style>\n\t<\/div>\n\t\n\n\t\t<\/div>\n\t\t\t\t\n<style>\n#col-854035164 > .col-inner {\n  padding: 7% 10% 7% 10%;\n  margin: -150px 0px 0px 0px;\n}\n@media (min-width:550px) {\n  #col-854035164 > .col-inner {\n    margin: -150px 0px 0px 0px;\n  }\n}\n@media (min-width:850px) {\n  #col-854035164 > .col-inner {\n    margin: 0px 0px 0px -100px;\n  }\n}\n<\/style>\n\t<\/div>\n\n\t\n\n<\/div>\n\n\t\t<\/div>\n\t\t\t\t\n<style>\n#col-1105103011 > .col-inner {\n  padding: 10px 0px 0px 0px;\n}\n@media (min-width:550px) {\n  #col-1105103011 > .col-inner {\n    padding: 35px 0px 30px 0px;\n  }\n}\n@media (min-width:850px) {\n  #col-1105103011 > .col-inner {\n    padding: 0 0px 0px 0px;\n  }\n}\n<\/style>\n\t<\/div>\n\n\t\n\n<\/div>\n\n\t\t<\/div>\n\n\t\t\n<style>\n#section_386649593 {\n  padding-top: 0px;\n  padding-bottom: 0px;\n  margin-bottom: 0px;\n}\n@media (min-width:550px) {\n  #section_386649593 {\n    padding-top: 0px;\n    padding-bottom: 0px;\n  }\n}\n<\/style>\n\t<\/section>\n\t\n\n\t<section class=\"section\" id=\"section_1883115199\">\n\t\t<div class=\"section-bg fill\" >\n\t\t\t\t\t\t\t\t\t\n\t\t\t\n\n\t\t<\/div>\n\n\t\t\n\n\t\t<div class=\"section-content relative\">\n\t\t\t\n\n<div class=\"row row-collapse row-full-width align-right\"  id=\"row-1449539906\">\n\n\n\t<div id=\"col-1417861748\" class=\"col medium-12 small-12 large-6\"  >\n\t\t\t\t<div class=\"col-inner\"  >\n\t\t\t\n\t\t\t\n\n\n  <div class=\"banner has-hover is-full-height\" id=\"banner-534805987\">\n          <div class=\"banner-inner fill\">\n        <div class=\"banner-bg fill\" >\n            <img loading=\"lazy\" decoding=\"async\" width=\"1707\" height=\"2560\" src=\"https:\/\/www.julieehme.com\/wp-content\/uploads\/2025\/02\/IMG_2845-scaled.jpg\" class=\"bg attachment-original size-original\" alt=\"\" \/>                                    \n                    <\/div>\n\t\t\n        <div class=\"banner-layers container\">\n            <div class=\"fill banner-link\"><\/div>            \n\n   <div id=\"text-box-228348168\" class=\"text-box banner-layer x50 md-x50 lg-x50 y50 md-y50 lg-y50 res-text\">\n                                <div class=\"text-box-content text dark\">\n              \n              <div class=\"text-inner text-center\">\n                  \n\n\n              <\/div>\n           <\/div>\n                            \n<style>\n#text-box-228348168 {\n  width: 60%;\n}\n#text-box-228348168 .text-box-content {\n  font-size: 100%;\n}\n<\/style>\n    <\/div>\n \n\n        <\/div>\n      <\/div>\n\n            \n<style>\n#banner-534805987 {\n  padding-top: 100%;\n  background-color: rgba(255, 255, 255, 0);\n}\n#banner-534805987 .banner-bg img {\n  object-position: 91% 6%;\n}\n@media (min-width:550px) {\n  #banner-534805987 {\n    padding-top: 99.99%;\n  }\n}\n@media (min-width:850px) {\n  #banner-534805987 {\n    padding-top: 100%;\n  }\n}\n<\/style>\n  <\/div>\n\n\n\n\t\t<\/div>\n\t\t\t\t\t<\/div>\n\n\t\n\n<\/div>\n<div class=\"row row-collapse row-full-width\"  id=\"row-1950350297\">\n\n\n\t<div id=\"col-1201037707\" class=\"col medium-11 small-11 large-6\"  >\n\t\t\t\t<div class=\"col-inner text-left\" style=\"background-color:rgb(0, 0, 0);\" >\n\t\t\t\n\t\t\t\n\n\t<div id=\"text-3404916478\" class=\"text aos-flip-up\">\n\t\t\n\n<h2>Arnaud B\u00e9n\u00e9zeth<\/h2>\n<p><em><strong>Pr\u00e9sident<\/strong><\/em><\/p>\n<p>Arnaud B\u00e9n\u00e9zeth a grandi \u00e0 Nantes (France).<br \/>Apr\u00e8s avoir \u00e9tudi\u00e9 le droit des affaires et le commerce \u00e0 Paris, Arnaud a travaill\u00e9 pendant plusieurs ann\u00e9es comme avocat d&rsquo;affaires (M&amp;A) dans de grands cabinets d&rsquo;avocats internationaux. Parall\u00e8lement, il a rejoint et cr\u00e9\u00e9 plusieurs associations et a d\u00e9velopp\u00e9 un vif int\u00e9r\u00eat pour la technologie, l&rsquo;histoire et, surtout, l&rsquo;entrepreneuriat.<\/p>\n\t\t\n<style>\n#text-3404916478 {\n  text-align: center;\n  color: rgb(255, 255, 255);\n}\n#text-3404916478 > * {\n  color: rgb(255, 255, 255);\n}\n<\/style>\n\t<\/div>\n\t\n\n\t\t<\/div>\n\t\t\t\t\n<style>\n#col-1201037707 > .col-inner {\n  padding: 8% 5% 5% 5%;\n  margin: -150px 0px 0px 15px;\n}\n@media (min-width:550px) {\n  #col-1201037707 > .col-inner {\n    padding: 8% 5% 5% 5%;\n    margin: -100px 0px 0px 40px;\n  }\n}\n@media (min-width:850px) {\n  #col-1201037707 > .col-inner {\n    padding: 7% 10% 7% 10%;\n    margin: -670px 0px 0px 100px;\n  }\n}\n<\/style>\n\t<\/div>\n\n\t\n\n<\/div>\n\n\t\t<\/div>\n\n\t\t\n<style>\n#section_1883115199 {\n  padding-top: 30px;\n  padding-bottom: 30px;\n  min-height: 0px;\n}\n@media (min-width:850px) {\n  #section_1883115199 {\n    padding-top: 0px;\n    padding-bottom: 0px;\n  }\n}\n<\/style>\n\t<\/section>\n\t\n\n\t<section class=\"section\" id=\"section_991366465\">\n\t\t<div class=\"section-bg fill\" >\n\t\t\t\t\t\t\t\t\t\n\t\t\t\n\n\t\t<\/div>\n\n\t\t\n\n\t\t<div class=\"section-content relative\">\n\t\t\t\n\n\n  <div class=\"banner has-hover\" id=\"banner-624801253\">\n          <div class=\"banner-inner fill\">\n        <div class=\"banner-bg fill\" >\n            <img loading=\"lazy\" decoding=\"async\" width=\"1020\" height=\"765\" src=\"https:\/\/www.julieehme.com\/wp-content\/uploads\/2025\/02\/IMG_8317-1024x768.jpg\" class=\"bg attachment-large size-large\" alt=\"\" \/>                                    \n                    <\/div>\n\t\t\n        <div class=\"banner-layers container\">\n            <div class=\"fill banner-link\"><\/div>            \n\n   <div id=\"text-box-1855413857\" class=\"text-box banner-layer x50 md-x50 lg-x50 y50 md-y50 lg-y50 res-text\">\n                                <div class=\"text-box-content text \">\n              \n              <div class=\"text-inner text-center\">\n                  \n\n\t<div id=\"text-2339516196\" class=\"text aos-flip-up\">\n\t\t\n\n<p> <\/p>\n<h3><strong style=\"font-size: 20.16px;\">JULIE EHME<\/strong><\/h3>\n<p><span style=\"font-size: 120%;\">La maison JULIE EHME est n\u00e9e en 2025, fruit de l&rsquo;esprit cr\u00e9atif de Julie Mouly\u2013Pommerol et de l&rsquo;esprit d&rsquo;entreprise d&rsquo;Arnaud B\u00e9n\u00e9zeth.<span class=\"Apple-converted-space\"> <\/span><\/span><\/p>\n<p><span style=\"font-size: 120%;\">\u00ab Avec JULIE EHME, nous ne voulons pas seulement concevoir de beaux v\u00eatements, nous voulons vous raconter des histoires. Ces histoires parlent de nous, de vous, de notre relation avec le monde et avec les autres. Chaque collection est un chapitre de l&rsquo;histoire de la maison, portant un message, dans le seul but de susciter des \u00e9motions, voire des r\u00e9flexions. Plus qu&rsquo;une maison de couture, nous voulons que JULIE EHME soit une maison de sens. Bienvenue dans notre histoire. \u00bb<\/span><\/p>\n<p><span style=\"font-size: 120%;\">Julie et Arnaud<\/span><\/p>\n<p> <\/p>\n\t\t\n<style>\n#text-2339516196 {\n  text-align: center;\n}\n<\/style>\n\t<\/div>\n\t\n\n              <\/div>\n           <\/div>\n                            \n<style>\n#text-box-1855413857 .text-box-content {\n  background-color: rgb(255, 255, 255);\n  font-size: 100%;\n}\n#text-box-1855413857 .text-inner {\n  padding: 0px 20px 0px 20px;\n}\n#text-box-1855413857 {\n  width: 70%;\n}\n<\/style>\n    <\/div>\n \n\n        <\/div>\n      <\/div>\n\n            \n<style>\n#banner-624801253 {\n  padding-top: 100%;\n}\n@media (min-width:550px) {\n  #banner-624801253 {\n    padding-top: 100%;\n  }\n}\n@media (min-width:850px) {\n  #banner-624801253 {\n    padding-top: 50%;\n  }\n}\n<\/style>\n  <\/div>\n\n\n\n\t\t<\/div>\n\n\t\t\n<style>\n#section_991366465 {\n  padding-top: 0px;\n  padding-bottom: 0px;\n}\n<\/style>\n\t<\/section>\n\t\n\n","protected":false},"excerpt":{"rendered":"","protected":false},"author":1,"featured_media":0,"parent":0,"menu_order":0,"comment_status":"closed","ping_status":"closed","template":"page-transparent-header-light.php","meta":{"_monsterinsights_skip_tracking":false,"_monsterinsights_sitenote_active":false,"_monsterinsights_sitenote_note":"","_monsterinsights_sitenote_category":0,"footnotes":""},"class_list":["post-2069","page","type-page","status-publish","hentry"],"aioseo_notices":[],"_links":{"self":[{"href":"https:\/\/www.julieehme.com\/fr\/wp-json\/wp\/v2\/pages\/2069","targetHints":{"allow":["GET"]}}],"collection":[{"href":"https:\/\/www.julieehme.com\/fr\/wp-json\/wp\/v2\/pages"}],"about":[{"href":"https:\/\/www.julieehme.com\/fr\/wp-json\/wp\/v2\/types\/page"}],"author":[{"embeddable":true,"href":"https:\/\/www.julieehme.com\/fr\/wp-json\/wp\/v2\/users\/1"}],"replies":[{"embeddable":true,"href":"https:\/\/www.julieehme.com\/fr\/wp-json\/wp\/v2\/comments?post=2069"}],"version-history":[{"count":5,"href":"https:\/\/www.julieehme.com\/fr\/wp-json\/wp\/v2\/pages\/2069\/revisions"}],"predecessor-version":[{"id":2302,"href":"https:\/\/www.julieehme.com\/fr\/wp-json\/wp\/v2\/pages\/2069\/revisions\/2302"}],"wp:attachment":[{"href":"https:\/\/www.julieehme.com\/fr\/wp-json\/wp\/v2\/media?parent=2069"}],"curies":[{"name":"wp","href":"https:\/\/api.w.org\/{rel}","templated":true}]}}