{"id":1967,"date":"2025-02-26T19:01:27","date_gmt":"2025-02-26T18:01:27","guid":{"rendered":"https:\/\/www.julieehme.com\/contact\/"},"modified":"2025-12-10T21:41:27","modified_gmt":"2025-12-10T20:41:27","slug":"contact","status":"publish","type":"page","link":"https:\/\/www.julieehme.com\/fr\/contact\/","title":{"rendered":"Contact"},"content":{"rendered":"\n\n\t<section class=\"section dark\" id=\"section_921452486\">\n\t\t<div class=\"section-bg fill\" >\n\t\t\t<img loading=\"lazy\" decoding=\"async\" width=\"3493\" height=\"1898\" src=\"https:\/\/www.julieehme.com\/wp-content\/uploads\/2025\/02\/Fond-Julie-Ehme-coming-soon-3-copie-1.png\" class=\"bg attachment-original size-original\" alt=\"\" \/>\t\t\t\t\t\t<div class=\"section-bg-overlay absolute fill\"><\/div>\n\t\t\t\n\n\t\t<\/div>\n\n\t\t\n\n\t\t<div class=\"section-content relative\">\n\t\t\t\n\n<div class=\"row\" style=\"max-width:1300px\" id=\"row-441195136\">\n\n\n\t<div id=\"col-676464154\" class=\"col small-12 large-12\"  >\n\t\t\t\t<div class=\"col-inner text-center\"  >\n\t\t\t\n\t<div class=\"is-border\"\n\t\tstyle=\"border-width:0px 0px 0px 0px;margin:0px 0px 0px 0px;\">\n\t<\/div>\n\t\t\t\n\n\t<div id=\"gap-1554060829\" class=\"gap-element clearfix\" style=\"display:block; height:auto;\">\n\t\t\n<style>\n#gap-1554060829 {\n  padding-top: 70px;\n}\n@media (min-width:550px) {\n  #gap-1554060829 {\n    padding-top: 50px;\n  }\n}\n@media (min-width:850px) {\n  #gap-1554060829 {\n    padding-top: 200px;\n  }\n}\n<\/style>\n\t<\/div>\n\t\n\n\t<div id=\"text-1599014531\" class=\"text\">\n\t\t\n\n<h1><strong>Contactez-nous<\/strong><\/h1>\n\t\t\n<style>\n#text-1599014531 {\n  font-size: 2.5rem;\n}\n@media (min-width:550px) {\n  #text-1599014531 {\n    font-size: 3rem;\n  }\n}\n<\/style>\n\t<\/div>\n\t\n\n\t\t<\/div>\n\t\t\t\t\n<style>\n#col-676464154 > .col-inner {\n  padding: 100px 0px 0px 0px;\n  margin: 0px 0px 0px 0px;\n}\n@media (min-width:550px) {\n  #col-676464154 > .col-inner {\n    padding: 0px 0px 0px 50px;\n  }\n}\n@media (min-width:850px) {\n  #col-676464154 > .col-inner {\n    padding: 0 0px 0px 0px;\n    margin: 0px 0px 0px 0px;\n  }\n}\n<\/style>\n\t<\/div>\n\n\t\n\n<\/div>\n\n\t\t<\/div>\n\n\t\t\n<style>\n#section_921452486 {\n  padding-top: 20px;\n  padding-bottom: 20px;\n  min-height: 400px;\n}\n#section_921452486 .section-bg-overlay {\n  background-color: rgba(0, 0, 0, 0.1);\n}\n#section_921452486 .section-bg img {\n  object-position: 6% 49%;\n}\n@media (min-width:550px) {\n  #section_921452486 {\n    min-height: 600px;\n  }\n}\n@media (min-width:850px) {\n  #section_921452486 {\n    min-height: 300px;\n  }\n  #section_921452486 .section-bg-overlay {\n    background-color: rgba(0, 0, 0, 0.05);\n  }\n}\n<\/style>\n\t<\/section>\n\t\n\n\t<section class=\"section\" id=\"section_1144415924\">\n\t\t<div class=\"section-bg fill\" >\n\t\t\t\t\t\t\t\t\t\n\t\t\t\n\n\t\t<\/div>\n\n\t\t\n\n\t\t<div class=\"section-content relative\">\n\t\t\t\n\n\t<div id=\"gap-1490025309\" class=\"gap-element clearfix\" style=\"display:block; height:auto;\">\n\t\t\n<style>\n#gap-1490025309 {\n  padding-top: 30px;\n}\n<\/style>\n\t<\/div>\n\t\n\n<div class=\"row align-center\"  id=\"row-1909607255\">\n\n\n\t<div id=\"col-757113505\" class=\"col medium-11 small-12 large-12\"  >\n\t\t\t\t<div class=\"col-inner\" style=\"background-color:rgb(0,0,0);\" >\n\t\t\t\n\t\t\t\n\n<div class=\"row row-collapse align-middle\"  id=\"row-1287708196\">\n\n\n\t<div id=\"col-1417550016\" class=\"col medium-12 small-12 large-5\"  >\n\t\t\t\t<div class=\"col-inner text-center dark\"  >\n\t\t\t\n\t\t\t\n\n<h1>Suivez-nous<\/h1>\n<p>Vous pouvez nous suivre sur Instagram, TikTok ou LinkedIn en cliquant simplement sur l&rsquo;ic\u00f4ne correspondante ci-dessous. \u00c0 bient\u00f4t !<\/p>\n<div class=\"social-icons follow-icons\" ><a href=\"https:\/\/www.instagram.com\/julie_ehme\/\" target=\"_blank\" data-label=\"Instagram\" class=\"icon plain tooltip instagram\" title=\"Nous suivre sur Instagram\" aria-label=\"Nous suivre sur Instagram\" rel=\"noopener nofollow\"><i class=\"icon-instagram\" aria-hidden=\"true\"><\/i><\/a><a href=\"https:\/\/www.tiktok.com\/@julie_ehme\" target=\"_blank\" data-label=\"TikTok\" class=\"icon plain tooltip tiktok\" title=\"Nous suivre sur TikTok\" aria-label=\"Nous suivre sur TikTok\" rel=\"noopener nofollow\"><i class=\"icon-tiktok\" aria-hidden=\"true\"><\/i><\/a><a href=\"https:\/\/www.linkedin.com\/company\/julie-ehme\/\" data-label=\"LinkedIn\" target=\"_blank\" class=\"icon plain tooltip linkedin\" title=\"Nous suivre sur LinkedIn\" aria-label=\"Nous suivre sur LinkedIn\" rel=\"noopener nofollow\"><i class=\"icon-linkedin\" aria-hidden=\"true\"><\/i><\/a><\/div>\n\n\n\t\t<\/div>\n\t\t\t\t\n<style>\n#col-1417550016 > .col-inner {\n  padding: 50px 30px 40px 30px;\n}\n@media (min-width:550px) {\n  #col-1417550016 > .col-inner {\n    padding: 70px 70px 50px 70px;\n  }\n}\n<\/style>\n\t<\/div>\n\n\t\n\n\t<div id=\"col-760517055\" class=\"col medium-12 small-12 large-7\"  >\n\t\t\t\t<div class=\"col-inner text-center\" style=\"background-color:rgb(255, 255, 255);\" >\n\t\t\t\n\t\t\t\n\n\t<div id=\"gap-1503398977\" class=\"gap-element clearfix\" style=\"display:block; height:auto;\">\n\t\t\n<style>\n#gap-1503398977 {\n  padding-top: 30px;\n}\n<\/style>\n\t<\/div>\n\t\n\n<h2>Contactez-nous<\/h2>\n<p>Un doute ou une question ? Veuillez nous contacter \u00e0 contact@julieeme.com ou en remplissant le formulaire ci-dessous et nous serons ravis de vous r\u00e9pondre dans les plus brefs d\u00e9lais.<\/p>\n<style id=\"wpforms-css-vars-723\">\n\t\t\t\t#wpforms-723 {\n\t\t\t\t\n\t\t\t}\n\t\t\t<\/style>\r\n<style type=\"text\/css\">\r\n\r\n\r\n\r\nbody #wpforms-723 {\r\n\t\t\r\n\t\t\tfont-family:inherit;}\r\n\r\n\t\r\n\r\n\tbody #wpforms-723 .wpforms-head-container {\r\n\t\tborder-width: 0px;}\r\n\r\n\tbody #wpforms-723 .wpforms-head-container .wpforms-title {\r\n\t\t}\r\n\r\n\tbody #wpforms-723 .wpforms-head-container .wpforms-description {\r\n\t\t\t\tdisplay:block;\r\n\t}\r\n\r\n\r\n\tbody #wpforms-723 .wpforms-submit-container .wpforms-submit, body #wpforms-723 .wpforms-field-pagebreak button.wpforms-page-button {\r\n\t\ttext-align:center ;background-color:#000000 ;width:1220px ;border-width:0px ;border-style:solid ;border-radius:0px ;-web-border-radius:0px ;-moz-border-radius:0px ;\t\t\t}\r\n\r\n\tbody #wpforms-723 .wpforms-submit-container .wpforms-submit:hover, body #wpforms-723 .wpforms-field-pagebreak button.wpforms-page-button:hover {\r\n\tbackground-color:;\tcolor:;\t}\r\n\r\n\tbody #wpforms-723 .wpforms-submit-container,\r\n\tbody #wpforms-723 .wpforms-field-pagebreak .wpforms-pagebreak-left{\r\n\ttext-align:center;\t}\r\n\r\n\r\n\tbody #wpforms-723 .wpforms-form .wpforms-field input[type=text],\r\n\tbody #wpforms-723 .wpforms-form .wpforms-field input[type=email],\r\n\tbody #wpforms-723 .wpforms-form .wpforms-field input[type=tel],\r\n\tbody #wpforms-723 .wpforms-form .wpforms-field input[type=url],\r\n\tbody #wpforms-723 .wpforms-form .wpforms-field input[type=password],\r\n\tbody #wpforms-723 .wpforms-form .wpforms-field input[type=number]\r\n\t{\r\n\t\tborder-width:1px ;border-style:solid ;border-radius:0px ;-web-border-radius:0px ;-moz-border-radius:0px ;\t\t\t}\r\n\r\n\tbody #wpforms-723 .wpforms-form .wpforms-field .wpforms-field-row\r\n\t{\r\n\t\t\t}\r\n\r\n\tbody #wpforms-723 .wpforms-form .wpforms-field-layout.wpforms-field input[type=text],\r\n\tbody #wpforms-723 .wpforms-form .wpforms-field-layout.wpforms-field input[type=email],\r\n\tbody #wpforms-723 .wpforms-form .wpforms-field-layout.wpforms-field input[type=tel],\r\n\tbody #wpforms-723 .wpforms-form .wpforms-field-layout.wpforms-field input[type=url],\r\n\tbody #wpforms-723 .wpforms-form .wpforms-field-layout.wpforms-field input[type=password],\r\n\tbody #wpforms-723 .wpforms-form .wpforms-field-layout.wpforms-field input[type=number]{\r\n\t\twidth: 100%;\r\n\t}\r\n\r\n\tbody #wpforms-723 .wpforms-form .wpforms-field .wpforms-field-row input[type=text]{\r\n\t\twidth: 100%;\r\n\t}\r\n\r\n\r\n\r\n\t#wpforms-723 .wpforms-form .wpforms-field-layout-rows,\r\n\t#wpforms-723 .wpforms-form .wpforms-field-layout-columns{\r\n\t\t\t}\r\n\r\n\r\n\r\n\tbody #wpforms-723 .wpforms-form .wpforms-field textarea {\r\n\t\tborder-radius:0px ;-web-border-radius:0px ;-moz-border-radius:0px ;\t\t\tborder-width: 1px;\t}\r\n\r\n \r\n\r\n\tbody #wpforms-723 .wpforms-form .wpforms-field select {\r\n\r\n\t\t\r\n\t\tborder-width: 1px;\t}\r\n\r\n\t\/* dropdown styles on modern background *\/\r\n\tbody #wpforms-723 .wpforms-form .wpforms-field-select-style-modern .choices__inner{\r\n\t\t\t\t\r\n\t}\r\n\r\n\t\/* background color on modern dropdown *\/\r\n\t\r\n \r\n\tbody #wpforms-723 .wpforms-form .wpforms-field-radio li label,\r\n\tbody #wpforms-723 .wpforms-form .wpforms-field-payment-multiple li label {\r\n\t\t\t}\r\n \r\n\tbody #wpforms-723 .wpforms-form .wpforms-field-checkbox li label {\r\n\t\t\t}\r\n \r\n\tbody #wpforms-723 .wpforms-form .wpforms-field .wpforms-field-description {\r\n\r\n\t\ttext-align:left ;\t}\r\n\r\n \r\n\tbody #wpforms-723 .wpforms-form .wpforms-field label.wpforms-field-label,\r\n\tbody #wpforms-723 .wpforms-form .wpforms-field .wpforms-field-label {\r\n\t\tfont-weight: bold;\t}\r\n\r\n\r\n \r\n\tbody #wpforms-confirmation-723  {\r\n\r\n\t\t\t\tborder-width: 1px;\t}\r\n\r\n\tbody #wpforms-confirmation-723 p{\r\n\t\ttext-transform: uppercase;\r\n\t\ttext-decoration: underline;\r\n\t\tcolor: inherit;\r\n\t}\r\n\r\n \r\n\tbody #wpforms-723 label.wpforms-error,\r\n\tbody #wpforms-723 .wpforms-error[role=\"alert\"] {\r\n\t\t\r\n\t\t\t\tborder-width: 1px;\t}\r\n\/* Styling for Tablets *\/\r\n@media only screen and (max-width: 800px) and (min-width:481px) {\r\n\t\r\n\r\n\r\n\t\tbody #wpforms-723 .wpforms-submit-container .wpforms-submit,body #wpforms-723 .wpforms-field-pagebreak button.wpforms-page-button {\r\n\t\twidth:1024px ;\t\t}     \r\n\r\n}\r\n\r\n@media only screen and (max-width: 480px){\r\n\t\r\n\r\n\r\n\tbody #wpforms-723 .wpforms-submit-container .wpforms-submit, body #wpforms-723 .wpforms-field-pagebreak button.wpforms-page-button {\r\n\t\twidth:320px ;\t\t}\r\n\r\n}\r\n\/*Option to add custom CSS *\/\r\n\r\n\r\n\r\n\t\t<\/style>\r\n\t\t<div class=\"wpforms-container wpforms-container-full wpforms-render-modern\" id=\"wpforms-723\"><form id=\"wpforms-form-723\" class=\"wpforms-validate wpforms-form wpforms-ajax-form\" data-formid=\"723\" method=\"post\" enctype=\"multipart\/form-data\" action=\"\/fr\/wp-json\/wp\/v2\/pages\/1967\" data-token=\"f14421d4d8ea8ce44a90312db736508a\" data-token-time=\"1778158919\"><noscript class=\"wpforms-error-noscript\">Veuillez activer JavaScript dans votre navigateur pour remplir ce formulaire.<\/noscript><div id=\"wpforms-error-noscript\" style=\"display: none;\">Veuillez activer JavaScript dans votre navigateur pour remplir ce formulaire.<\/div><div class=\"wpforms-field-container\"><div id=\"wpforms-723-field_1-container\" class=\"wpforms-field wpforms-field-name wpforms-one-half wpforms-first\" data-field-id=\"1\"><label class=\"wpforms-field-label\" for=\"wpforms-723-field_1\">Nom <span class=\"wpforms-required-label\" aria-hidden=\"true\">*<\/span><\/label><input type=\"text\" id=\"wpforms-723-field_1\" class=\"wpforms-field-large wpforms-field-required\" name=\"wpforms[fields][1]\" aria-errormessage=\"wpforms-723-field_1-error\" required><\/div><div id=\"wpforms-723-field_2-container\" class=\"wpforms-field wpforms-field-email wpforms-one-half\" data-field-id=\"2\"><label class=\"wpforms-field-label\" for=\"wpforms-723-field_2\">Courriel <span class=\"wpforms-required-label\" aria-hidden=\"true\">*<\/span><\/label><input type=\"email\" id=\"wpforms-723-field_2\" class=\"wpforms-field-large wpforms-field-required\" name=\"wpforms[fields][2]\" spellcheck=\"false\" aria-errormessage=\"wpforms-723-field_2-error\" required><\/div><div id=\"wpforms-723-field_11-container\" class=\"wpforms-field wpforms-field-text\" data-field-id=\"11\"><label class=\"wpforms-field-label\" for=\"wpforms-723-field_11\">Num\u00e9ro de commande (le cas \u00e9ch\u00e9ant)<\/label><input type=\"text\" id=\"wpforms-723-field_11\" class=\"wpforms-field-large\" name=\"wpforms[fields][11]\" aria-errormessage=\"wpforms-723-field_11-error\" ><\/div>\t\t<div id=\"wpforms-723-field_4-container\"\n\t\t\tclass=\"wpforms-field wpforms-field-text\"\n\t\t\tdata-field-type=\"text\"\n\t\t\tdata-field-id=\"4\"\n\t\t\t>\n\t\t\t<label class=\"wpforms-field-label\" for=\"wpforms-723-field_4\" >Courriel \u00e9ch\u00e9ant) (le<\/label>\n\t\t\t<input type=\"text\" id=\"wpforms-723-field_4\" class=\"wpforms-field-medium\" name=\"wpforms[fields][4]\" >\n\t\t<\/div>\n\t\t<div id=\"wpforms-723-field_3-container\" class=\"wpforms-field wpforms-field-textarea\" data-field-id=\"3\"><label class=\"wpforms-field-label\" for=\"wpforms-723-field_3\">Message <span class=\"wpforms-required-label\" aria-hidden=\"true\">*<\/span><\/label><textarea id=\"wpforms-723-field_3\" class=\"wpforms-field-medium wpforms-field-required\" name=\"wpforms[fields][3]\" aria-errormessage=\"wpforms-723-field_3-error\" required><\/textarea><\/div><script>\n\t\t\t\t( function() {\n\t\t\t\t\tconst style = document.createElement( 'style' );\n\t\t\t\t\tstyle.appendChild( document.createTextNode( '#wpforms-723-field_4-container { position: absolute !important; overflow: hidden !important; display: inline !important; height: 1px !important; width: 1px !important; z-index: -1000 !important; padding: 0 !important; } #wpforms-723-field_4-container input { visibility: hidden; } #wpforms-conversational-form-page #wpforms-723-field_4-container label { counter-increment: none; }' ) );\n\t\t\t\t\tdocument.head.appendChild( style );\n\t\t\t\t\tdocument.currentScript?.remove();\n\t\t\t\t} )();\n\t\t\t<\/script><\/div><!-- .wpforms-field-container --><div class=\"wpforms-submit-container\" ><input type=\"hidden\" name=\"wpforms[id]\" value=\"723\"><input type=\"hidden\" name=\"page_title\" value=\"\"><input type=\"hidden\" name=\"page_url\" value=\"https:\/\/www.julieehme.com\/fr\/wp-json\/wp\/v2\/pages\/1967\"><input type=\"hidden\" name=\"url_referer\" value=\"\"><button type=\"submit\" name=\"wpforms[submit]\" id=\"wpforms-submit-723\" class=\"wpforms-submit\" data-alt-text=\"Envoi en cours...\" data-submit-text=\"Envoyer le message\" aria-live=\"assertive\" value=\"wpforms-submit\">Envoyer le message<\/button><img loading=\"lazy\" decoding=\"async\" src=\"https:\/\/www.julieehme.com\/wp-content\/plugins\/wpforms-lite\/assets\/images\/submit-spin.svg\" class=\"wpforms-submit-spinner\" style=\"display: none;\" width=\"26\" height=\"26\" alt=\"Chargement en cours\"><\/div><\/form><\/div>  <!-- .wpforms-container -->\n\n\t\t<\/div>\n\t\t\t\t\n<style>\n#col-760517055 > .col-inner {\n  padding: 30px 30px 30px 30px;\n}\n@media (min-width:550px) {\n  #col-760517055 > .col-inner {\n    padding: 70px 70px 50px 70px;\n  }\n}\n<\/style>\n\t<\/div>\n\n\t\n\n\n<style>\n#row-1287708196 > .col > .col-inner {\n  background-color: rgb(0,0,0);\n}\n<\/style>\n<\/div>\n\n\t\t<\/div>\n\t\t\t\t\t<\/div>\n\n\t\n\n<\/div>\n\n\t\t<\/div>\n\n\t\t\n<style>\n#section_1144415924 {\n  padding-top: 45px;\n  padding-bottom: 45px;\n  background-color: rgb(255, 255, 255);\n}\n@media (min-width:550px) {\n  #section_1144415924 {\n    padding-top: 60px;\n    padding-bottom: 60px;\n  }\n}\n@media (min-width:850px) {\n  #section_1144415924 {\n    padding-top: 100px;\n    padding-bottom: 100px;\n  }\n}\n<\/style>\n\t<\/section>\n\t\n\n","protected":false},"excerpt":{"rendered":"","protected":false},"author":1,"featured_media":0,"parent":0,"menu_order":0,"comment_status":"closed","ping_status":"closed","template":"page-transparent-header-light.php","meta":{"_monsterinsights_skip_tracking":false,"_monsterinsights_sitenote_active":false,"_monsterinsights_sitenote_note":"","_monsterinsights_sitenote_category":0,"footnotes":""},"class_list":["post-1967","page","type-page","status-publish","hentry"],"aioseo_notices":[],"_links":{"self":[{"href":"https:\/\/www.julieehme.com\/fr\/wp-json\/wp\/v2\/pages\/1967","targetHints":{"allow":["GET"]}}],"collection":[{"href":"https:\/\/www.julieehme.com\/fr\/wp-json\/wp\/v2\/pages"}],"about":[{"href":"https:\/\/www.julieehme.com\/fr\/wp-json\/wp\/v2\/types\/page"}],"author":[{"embeddable":true,"href":"https:\/\/www.julieehme.com\/fr\/wp-json\/wp\/v2\/users\/1"}],"replies":[{"embeddable":true,"href":"https:\/\/www.julieehme.com\/fr\/wp-json\/wp\/v2\/comments?post=1967"}],"version-history":[{"count":9,"href":"https:\/\/www.julieehme.com\/fr\/wp-json\/wp\/v2\/pages\/1967\/revisions"}],"predecessor-version":[{"id":2472,"href":"https:\/\/www.julieehme.com\/fr\/wp-json\/wp\/v2\/pages\/1967\/revisions\/2472"}],"wp:attachment":[{"href":"https:\/\/www.julieehme.com\/fr\/wp-json\/wp\/v2\/media?parent=1967"}],"curies":[{"name":"wp","href":"https:\/\/api.w.org\/{rel}","templated":true}]}}